{"id":150,"date":"2020-04-23T16:17:21","date_gmt":"2020-04-23T16:17:21","guid":{"rendered":"http:\/\/gh10.de\/?page_id=150"},"modified":"2023-11-16T11:41:02","modified_gmt":"2023-11-16T11:41:02","slug":"agb","status":"publish","type":"page","link":"https:\/\/chaine-shop.de\/?page_id=150","title":{"rendered":"AGB"},"content":{"rendered":"\n<p><strong>Allgemeine Gesch\u00e4ftsbedingungen Chaine Service GmbH<\/strong><\/p>\n\n\n\n<p><strong>1. Geltungsbereich und Anbieter<\/strong><\/p>\n\n\n\n<p>1.1 Diese Allgemeinen Gesch\u00e4ftsbedingungen (AGB) gelten f\u00fcr alle Bestellungen im Online-Shop der Confr\u00e9rie de la Cha\u00eene des R\u00f4tisseurs.<\/p>\n\n\n\n<p><br>1.2 Ausschlie\u00dflich die Mitglieder der Confr\u00e9rie de la Cha\u00eene des R\u00f4tisseurs, Bailliage National d\u2019Allemagne e.V., k\u00f6nnen in diesem Online-Shop bestellen und werden beliefert.<\/p>\n\n\n\n<p>1.3 Der Online-Shop wird betrieben von der<br>Chaine Service GmbH<br>Am Joseph 21<br>61273 Wehrheim\/Taunus<\/p>\n\n\n\n<p>1.4 Vertragssprache ist deutsch.<\/p>\n\n\n\n<p><strong>2. Zustandekommen des Vertrages<\/strong><\/p>\n\n\n\n<p>2.1 Die Darstellung der Waren im Online-Shop stellt keinen Antrag auf den Abschluss eines Kaufvertrages dar. Vielmehr handelt es sich um eine unverbindliche Aufforderung, im Online-Shop Waren zu bestellen.<\/p>\n\n\n\n<p>2.2 Sie geben ein verbindliches Angebot ab, wenn Sie den Online-Bestellprozess unter Eingabe der dort verlangten Angaben durchlaufen haben und im Schritt den Button \u201eJetzt zahlungspflichtig bestellen\u201c anklicken. <\/p>\n\n\n\n<p>2.3 Unmittelbar vor Abgabe dieser Bestellung k\u00f6nnen Sie diese noch einmal \u00fcberpr\u00fcfen und ggf. korrigieren.<\/p>\n\n\n\n<p>2.4 Nach Eingang Ihrer Bestellung senden wir Ihnen eine E-Mail, die den Empfang Ihrer Bestellung bei uns best\u00e4tigt und deren Einzelheiten auff\u00fchrt (Empfangsbest\u00e4tigung). Diese Empfangsbest\u00e4tigung stellt noch keine Annahme Ihres Angebotes dar, sondern soll Sie nur dar\u00fcber informieren, dass Ihre Bestellung bei uns eingegangen ist.<\/p>\n\n\n\n<p>2.5 Der Vertrag kommt erst zustande, wenn wir ausdr\u00fccklich die Annahme des Kaufangebotes erkl\u00e4ren (Auftragsbest\u00e4tigung) oder wenn wir die Ware ohne vorherige ausdr\u00fcckliche Annahmeerkl\u00e4rung an Sie versenden.<\/p>\n\n\n\n<p><strong>3. Preise<\/strong><\/p>\n\n\n\n<p>3.1 Ihre Bestelldaten werden in unserem Hause gespeichert. Sofern Sie diese in gedruckter Form w\u00fcnschen, k\u00f6nnen Sie die &#8222;Bestellbest\u00e4tigung&#8220; ausdrucken. Diese erscheint auf Ihrem Bildschirm, nachdem Sie die BestellDie im Online-Shop angegebenen Preise enthalten die gesetzliche Mehrwertsteuer und sonstige Preisbestandteile und verstehen sich zzgl. der jeweiligen Versandkosten. Es gilt jeweils der Preis zum Zeitpunkt der Bestellung. Eine Lieferung erfolgt nur innerhalb Deutschlands. \u00dcber die Lieferzeit informieren wir Sie im jeweiligen Bestellvorgang.<\/p>\n\n\n\n<p><strong>4. Zahlungsbedingungen<\/strong><\/p>\n\n\n\n<p>4.1 Die Zahlung erfolgt wahlweise per Rechnung oder Vorkasse.<br>Wir behalten uns die Auswahl der jeweils verf\u00fcgbaren Bezahlmethoden vor. Wir behalten uns insbesondere vor, f\u00fcr die Bezahlung nur ausgew\u00e4hlte Bezahlmethoden anzubieten, beispielsweise zur Absicherung unseres Kreditrisikos nur Vorkasse.<\/p>\n\n\n\n<p>4.2 Bei Auswahl der Zahlungsart Vorkasse nennen wir Ihnen unsere Bankverbindung. Der Rechnungsbetrag ist innerhalb von zehn Tagen nach Erhalt der Bankverbindung zu \u00fcberweisen.<\/p>\n\n\n\n<p>4.3 Geraten Sie mit einer Zahlung in Verzug, so sind Sie zur Zahlung gesetzlicher Verzugszinsen in H\u00f6he von 5 %-Punkten \u00fcber dem Basiszinssatz verpflichtet. F\u00fcr das Mahnschreiben, das nach Eintritt des Verzugs an Sie versandt wird, wird Ihnen eine Mahngeb\u00fchr in H\u00f6he von 5,00 \u20ac berechnet, sofern nicht im Einzelfall ein niedrigerer bzw. h\u00f6herer Schaden nachgewiesen wird.<\/p>\n\n\n\n<p><strong>5. Eigentumsvorbehalt<\/strong><\/p>\n\n\n\n<p>5.1 Bis zur vollst\u00e4ndigen Bezahlung bleibt die Ware unser Eigentum.<\/p>\n\n\n\n<p><strong>6. Widerrufsbelehrung<\/strong><\/p>\n\n\n\n<p>Alle Preise sind in EURO, enthalten die gesetzliche MWSt. und verstehen sich zuz\u00fcglich anfallender Versandkosten. Es gilt jeweils der Preis zum <\/p>\n\n\n\n<p>F\u00fcr den Fall, dass Sie Verbraucher im Sinne des \u00a7 13 BGB sind, also den Kauf zu Zwecken t\u00e4tigen, die \u00fcberwiegend weder Ihrer gewerblichen noch selbstst\u00e4ndigen beruflichen T\u00e4tigkeit zugerechnet werden k\u00f6nnen, haben Sie ein Widerrufsrecht nach Ma\u00dfgabe der folgenden Bestimmungen:<br><\/p>\n\n\n\n<p><span style=\"text-decoration: underline;\">Widerrufsrecht<\/span><\/p>\n\n\n\n<p>Sie haben das Recht, binnen 14 Tagen ohne Angabe von Gr\u00fcnden diesen Vertrag zu widerrufen.<\/p>\n\n\n\n<p>Die Widerrufsfrist betr\u00e4gt 14 Tage ab dem Tag, an dem Sie oder ein von Ihnen benannter Dritter, der nicht der Bef\u00f6rderer ist, die Waren in Besitz genommen haben bzw. hat.<\/p>\n\n\n\n<p>Um Ihr Widerrufsrecht auszu\u00fcben, m\u00fcssen Sie uns<br>Chaine Service GmbH<br>Am Joseph 21<br>61273 Wehrheim\/Taunus<\/p>\n\n\n\n<p>Tel: +49 6081 682870 <\/p>\n\n\n\n<p>Fax: +49 6081 682871 <\/p>\n\n\n\n<p>E-Mail: mail@chaine.de<\/p>\n\n\n\n<p>mittels einer eindeutigen Erkl\u00e4rung (z.B. ein mit der Post versandter Brief, Telefax oder E-Mail) \u00fcber Ihren Entschluss, diesen Vertrag zu widerrufen, informieren. Sie k\u00f6nnen daf\u00fcr das beigef\u00fcgte Muster-Widerrufsformular verwenden, das jedoch nicht vorgeschrieben ist. Zur Wahrung der Widerrufsfrist reicht es aus, dass Sie die Mitteilung \u00fcber die Aus\u00fcbung des Widerrufsrechts vor Ablauf der Widerrufsfrist absenden.<\/p>\n\n\n\n<p><br><strong>Folgen des Widerrufs<\/strong><br>Wenn Sie diesen Vertrag widerrufen, haben wir Ihnen alle Zahlungen, die wir von Ihnen erhalten haben, einschlie\u00dflich der Lieferkosten (mit Ausnahme der zus\u00e4tzlichen Kosten, die sich darauf ergeben, dass Sie eine andere Art der Lieferung als die von uns angebotene, g\u00fcnstigste Standardlieferung gew\u00e4hlt haben), unverz\u00fcglich und sp\u00e4testens binnen 14 Tagen ab dem Tag zur\u00fcckzuzahlen, an dem die Mitteilung \u00fcber Ihren Widerruf dieses Vertrages bei uns eingegangen ist. F\u00fcr diese R\u00fcckzahlung verwenden wir dasselbe Zahlungsmittel, das Sie bei der urspr\u00fcnglichen Zahlungstransaktion eingesetzt haben, es sei denn, mit Ihnen wurde ausdr\u00fccklich etwas anderes vereinbart; in keinem Fall werden Ihnen wegen dieser R\u00fcckzahlung Entgelte berechnet.<\/p>\n\n\n\n<p>Wir k\u00f6nnen die R\u00fcckzahlung verweigern, bis wir die Waren wieder zur\u00fcckerhalten haben oder bis Sie den Nachweis erbracht haben, dass Sie die Waren zur\u00fcckgesandt haben, je nachdem, welches der fr\u00fchere Zeitpunkt ist.<\/p>\n\n\n\n<p>Sie haben die Waren unverz\u00fcglich und in jedem Fall sp\u00e4testens binnen 14 Tagen ab dem Tag, an dem Sie uns \u00fcber den Widerruf dieses Vertrags unterrichten, an uns zur\u00fcckzusenden oder zu \u00fcbergeben. Die Frist ist gewahrt, wenn Sie die Waren vor Ablauf der Frist von 14 Tagen absenden.<br>Sie tragen die unmittelbaren Kosten der R\u00fccksendung der Waren.<\/p>\n\n\n\n<p>Sie m\u00fcssen f\u00fcr einen etwaigen Wertverlust der Waren nur aufkommen, wenn dieser Wertverlust auf einen zur Pr\u00fcfung der Beschaffenheit, Eigenschaften und Funktionsweise der Waren nicht notwendigen Umfang mit ihnen zur\u00fcckzuf\u00fchren ist.<\/p>\n\n\n\n<p><br><span style=\"text-decoration: underline;\">Ende der Widerrufsbelehrung<\/span><\/p>\n\n\n\n<p><br>Das Widerrufsrecht besteht nicht bei der Lieferung<br>von Waren, die nicht vorgefertigt sind und f\u00fcr deren Herstellung eine individuelle Auswahl oder Bestimmung durch den Verbraucher ma\u00dfgeblich ist oder eindeutig auf die pers\u00f6nlichen Bed\u00fcrfnisse des Verbrauchers zugeschnitten sind,<\/p>\n\n\n\n<p>versiegelter Waren, die aus Gr\u00fcnden des Gesundheitsschutzes oder der Hygiene nicht zur R\u00fcckgabe geeignet sind, wenn ihre Versiegelung nach der Lieferung entfernt wurde,<\/p>\n\n\n\n<p>von Waren, wenn diese nach der Lieferung aufgrund ihrer Beschaffenheit untrennbar mit anderen G\u00fctern vermischt wurden,<\/p>\n\n\n\n<p>Bitte vermeiden Sie Besch\u00e4digungen und Verunreinigungen. Senden Sie die Waren m\u00f6glichst in Original-Verpackung mit s\u00e4mtlichem Zubeh\u00f6r und mit allen Verpackungsbestandteilen an uns zur\u00fcck. Verwenden Sie ggf. eine sch\u00fctzende Umverpackung. Wenn Sie die Original-Verpackung nicht mehr besitzen, sorgen Sie bitte mit einer geeigneten Verpackung f\u00fcr einen ausreichenden Schutz vor Transportsch\u00e4den, um Schadensersatzanspr\u00fcche wegen Besch\u00e4digungen in Folge mangelhafter Verpackung zu vermeiden.<br>Bitte beachten Sie, dass die in den vorstehenden Abs\u00e4tzen genannten Modalit\u00e4ten nicht Voraussetzung f\u00fcr die wirksame Aus\u00fcbung des Widerrufsrechtes sind.<\/p>\n\n\n\n<p><strong>7. Gew\u00e4hrleistung<\/strong><\/p>\n\n\n\n<p>7.1 Werden Waren mit offensichtlichen Transportsch\u00e4den angeliefert, so reklamieren Sie bitte solche Fehler sofort bei dem Zusteller und nehmen Sie bitte schnellstm\u00f6glich Kontakt zu uns auf. Ihr Vers\u00e4umen dieser R\u00fcge hat allerdings f\u00fcr Ihre gesetzlichen Anspr\u00fcche keine Konsequenzen.<\/p>\n\n\n\n<p>7.2 Soweit nicht ausdr\u00fccklich etwas anderes vereinbart ist, richten sich Ihre Gew\u00e4hrleistungsanspr\u00fcche nach den gesetzlichen Bestimmungen des Kaufrechts (\u00a7\u00a7 433 ff. BGB).<\/p>\n\n\n\n<p>7.3 Wenn Sie Verbraucher gem. \u00a7 13 BGB sind, betr\u00e4gt die Haftungsdauer f\u00fcr Gew\u00e4hrleistungsanspr\u00fcche zwei Jahre.<\/p>\n\n\n\n<p><strong>8. Haftung<\/strong><\/p>\n\n\n\n<p>8.1 Wir haften unbeschr\u00e4nkt f\u00fcr Vorsatz und grobe Fahrl\u00e4ssigkeit sowie nach Ma\u00dfgabe des Produkthaftungsgesetzes. F\u00fcr leichte Fahrl\u00e4ssigkeit haften wir bei Sch\u00e4den aus der Verletzung des Lebens, des K\u00f6rpers und der Gesundheit von Personen.<\/p>\n\n\n\n<p>8.2 Bei leichter Fahrl\u00e4ssigkeit haften wir nur im Falle der Verletzung einer wesentlichen Vertragspflicht, deren Erf\u00fcllung die ordnungsgem\u00e4\u00dfe Durchf\u00fchrung des Vertrages \u00fcberhaupt erst erm\u00f6glicht und auf deren Einhaltung Sie regelm\u00e4\u00dfig vertrauen d\u00fcrfen (Kardinalpflicht). Die Haftung f\u00fcr leichte Fahrl\u00e4ssigkeit ist der H\u00f6he nach beschr\u00e4nkt auf die bei Vertragsschluss vorhersehbaren Sch\u00e4den, mit deren Entstehung typischerweise gerechnet werden muss. Diese Haftungsbeschr\u00e4nkung gilt auch zu Gunsten unserer Erf\u00fcllungsgehilfen.<\/p>\n\n\n\n<p><strong>9<\/strong>.<strong> Alternative Streitbeilegung<\/strong><\/p>\n\n\n\n<p>9.1 Bei leichter Fahrl\u00e4ssigkeit haften wir nur im Falle der Verletzung einer wesentlichen Vertragspflicht, deren Erf\u00fcllung die ordnungsgem\u00e4\u00dfe Durchf\u00fchrung des Vertrages \u00fcberhaupt erst erm\u00f6glicht und auf deren Einhalt<\/p>\n\n\n\n<p>9.2 Die EU-Kommission hat eine Plattform f\u00fcr au\u00dfergerichtliche Streitschlichtung bereitgestellt. Verbrauchern gibt dies die M\u00f6glichkeit, Streitigkeiten im Zusammenhang mit ihrer Online-Bestellung zun\u00e4chst ohne die Einschaltung eines Gerichtes zu kl\u00e4ren. Die Streitbeilegungs-Plattform ist unter dem externen Link <a href=\"http:\/\/ec.europa.eu\/consumers\/odr\/ \">http:\/\/ec.europa.eu\/consumers\/odr\/ <\/a>erreichbar.<\/p>\n\n\n\n<p>9.3 Wir sind bem\u00fcht, eventuelle Meinungsverschiedenheiten aus unserem Vertrag einvernehmlich beizulegen. Wir nehmen an keinem Streitschlichtungsverfahren teil.<\/p>\n\n\n\n<p><strong>10. Schlussbestimmungen<\/strong><\/p>\n\n\n\n<p>10. 1 Sollte eine oder mehrere Bestimmungen dieser AGB unwirksam sein oder werden, wird dadurch die Wirksamkeit der anderen Bestimmungen im \u00dcbrigen nicht ber\u00fchrt.<\/p>\n\n\n\n<p>10.2 Auf Vertr\u00e4ge zwischen uns und Ihnen ist ausschlie\u00dfliches deutsches Recht anwendbar unter Ausschluss der Bestimmungen des United Nations Convention on Contracts for the International Sale of Goods (CISG). Zwingende Bestimmungen des Landes, in dem Sie sich gew\u00f6hnlich aufhalten, bleiben von der Rechtswahl unber\u00fchrt.<\/p>\n\n\n\n<p><\/p>\n\n\n\n<div style=\"height:100px\" aria-hidden=\"true\" class=\"wp-block-spacer\"><\/div>\n\n<div class=\"woocommerce woocommerce-gzd woocommerce-gzd-complaints-shortcode\">\n\t\t\t<h3>Alternative Streitbeilegung gem\u00e4\u00df Art. 14 Abs. 1 ODR-VO und \u00a7 36 VSBG:<\/h3>\n\t\nZur Teilnahme an einem Streitbeilegungsverfahren vor einer Verbraucherschlichtungsstelle sind wir nicht verpflichtet und nicht bereit.<\/div>\n","protected":false},"excerpt":{"rendered":"<p>Allgemeine Gesch\u00e4ftsbedingungen Chaine Service GmbH 1. Geltungsbereich und Anbieter 1.1 Diese Allgemeinen Gesch\u00e4ftsbedingungen (AGB) gelten f\u00fcr alle Bestellungen im Online-Shop der Confr\u00e9rie de la Cha\u00eene des R\u00f4tisseurs. 1.2 Ausschlie\u00dflich die Mitglieder der Confr\u00e9rie de la Cha\u00eene des R\u00f4tisseurs, Bailliage National d\u2019Allemagne e.V., k\u00f6nnen in diesem Online-Shop bestellen und werden beliefert.<\/p>\n","protected":false},"author":1,"featured_media":0,"parent":0,"menu_order":0,"comment_status":"closed","ping_status":"closed","template":"","meta":{"footnotes":""},"class_list":["post-150","page","type-page","status-publish","hentry"],"aioseo_notices":[],"jetpack_sharing_enabled":true,"_links":{"self":[{"href":"https:\/\/chaine-shop.de\/index.php?rest_route=\/wp\/v2\/pages\/150","targetHints":{"allow":["GET"]}}],"collection":[{"href":"https:\/\/chaine-shop.de\/index.php?rest_route=\/wp\/v2\/pages"}],"about":[{"href":"https:\/\/chaine-shop.de\/index.php?rest_route=\/wp\/v2\/types\/page"}],"author":[{"embeddable":true,"href":"https:\/\/chaine-shop.de\/index.php?rest_route=\/wp\/v2\/users\/1"}],"replies":[{"embeddable":true,"href":"https:\/\/chaine-shop.de\/index.php?rest_route=%2Fwp%2Fv2%2Fcomments&post=150"}],"version-history":[{"count":1,"href":"https:\/\/chaine-shop.de\/index.php?rest_route=\/wp\/v2\/pages\/150\/revisions"}],"predecessor-version":[{"id":941,"href":"https:\/\/chaine-shop.de\/index.php?rest_route=\/wp\/v2\/pages\/150\/revisions\/941"}],"wp:attachment":[{"href":"https:\/\/chaine-shop.de\/index.php?rest_route=%2Fwp%2Fv2%2Fmedia&parent=150"}],"curies":[{"name":"wp","href":"https:\/\/api.w.org\/{rel}","templated":true}]}}