{"id":46,"date":"2020-04-22T14:01:04","date_gmt":"2020-04-22T14:01:04","guid":{"rendered":"http:\/\/gh10.de\/?page_id=46"},"modified":"2020-07-22T15:52:11","modified_gmt":"2020-07-22T15:52:11","slug":"dsgvo","status":"publish","type":"page","link":"https:\/\/chaine-shop.de\/?page_id=46","title":{"rendered":"DSGVO"},"content":{"rendered":"\n<p>DSGVO<\/p>\n\n\n\n<p><strong>Haftung f\u00fcr Inhalte<\/strong><\/p>\n\n\n\n<p>Als Diensteanbieter sind wir gem\u00e4\u00df \u00a7 7 Abs.1 TMG f\u00fcr eigene Inhalte auf diesen Seiten nach den allgemeinen Gesetzen verantwortlich. Nach \u00a7\u00a7 8 bis 10 TMG sind wir als Diensteanbieter jedoch nicht verpflichtet, \u00fcbermittelte oder gespeicherte fremde Informationen zu \u00fcberwachen oder nach Umst\u00e4nden zu forschen, die auf eine rechtswidrige T\u00e4tigkeit hinweisen. Verpflichtungen zur Entfernung oder Sperrung der Nutzung von Informationen nach den allgemeinen Gesetzen bleiben hiervon unber\u00fchrt. Eine diesbez\u00fcgliche Haftung ist jedoch erst ab dem Zeitpunkt der Kenntnis einer konkreten Rechtsverletzung m\u00f6glich. Bei Bekanntwerden von entsprechenden Rechtsverletzungen werden wir diese Inhalte umgehend entfernen.<\/p>\n\n\n\n<p><strong>Haftung f\u00fcr Links<\/strong><\/p>\n\n\n\n<p>Unser Angebot enth\u00e4lt Links zu externen Webseiten Dritter, auf deren Inhalte wir keinen Einfluss haben. Deshalb k\u00f6nnen wir f\u00fcr diese fremden Inhalte auch keine Gew\u00e4hr \u00fcbernehmen. F\u00fcr die Inhalte der verlinkten Seiten ist stets der jeweilige Anbieter oder Betreiber der Seiten verantwortlich. Die verlinkten Seiten wurden zum Zeitpunkt der Verlinkung auf m\u00f6gliche Rechtsverst\u00f6\u00dfe \u00fcberpr\u00fcft. Rechtswidrige Inhalte waren zum Zeitpunkt der Verlinkung nicht erkennbar. Eine permanente inhaltliche Kontrolle der verlinkten Seiten ist jedoch ohne konkrete Anhaltspunkte einer Rechtsverletzung nicht zumutbar. Bei Bekanntwerden von Rechtsverletzungen werden wir derartige Links umgehend entfernen.<\/p>\n\n\n\n<p><strong>Urheberrecht<\/strong><\/p>\n\n\n\n<p>Die durch die Seitenbetreiber erstellten Inhalte und Werke auf diesen Seiten unterliegen dem deutschen Urheberrecht. Die Vervielf\u00e4ltigung, Bearbeitung, Verbreitung und jede Art der Verwertung au\u00dferhalb der Grenzen des Urheberrechtes bed\u00fcrfen der schriftlichen Zustimmung des jeweiligen Autors bzw. Erstellers. Downloads und Kopien dieser Seite sind nur f\u00fcr den privaten, nicht kommerziellen Gebrauch gestattet. Soweit die Inhalte auf dieser Seite nicht vom Betreiber erstellt wurden, werden die Urheberrechte Dritter beachtet. Insbesondere werden Inhalte Dritter als solche gekennzeichnet. Sollten Sie trotzdem auf eine Urheberrechtsverletzung aufmerksam werden, bitten wir um einen entsprechenden Hinweis. Bei Bekanntwerden von Rechtsverletzungen werden wir derartige Inhalte umgehend entfernen.<\/p>\n\n\n\n<p><strong><em>Hinweis zum Datenschutz gem\u00e4\u00df Art. 13 der Europ\u00e4ischen Datenschutzgrundverordnung (DSGVO) f\u00fcr Mitglieder<\/em><\/strong><\/p>\n\n\n\n<p><strong>1. Allgemeine Hinweise&nbsp;<\/strong><\/p>\n\n\n\n<p>Der Confr\u00e9rie de la Cha\u00eene des R\u00f4tisseurs Bailliage National d\u00b4Allemagne e.V. (im Folgenden: \u201eCha\u00eene&nbsp;des R\u00f4tisseurs\u201c oder \u201ewir\u201c \/ \u201euns\u201c) liegt der Schutz Privatsph\u00e4re unserer Mitglieder am Herzen. Es ist unser Anliegen, die Verarbeitung und Nutzung unserer Mitgliederdaten jederzeit transparent zu machen.<\/p>\n\n\n\n<p>Wir verarbeiten personenbezogenen Daten ausschlie\u00dflich im zul\u00e4ssigen Rahmen der rechtlichen Vorgaben der Datenschutzgrundverordnung (DSGVO) und des neuen Bundesdatenschutzgesetzes.<\/p>\n\n\n\n<p><strong>2. Verantwortliche Stelle<\/strong><\/p>\n\n\n\n<p>Verantwortlich f\u00fcr die Verarbeitung personenbezogener Daten:<br>Cha\u00eene Service GmbH<br>Am Joseph 21<br>61273 Wehrheim\/TS,<br>vertreten durch Klaus Tritschler, Peter Peters<\/p>\n\n\n\n<p><strong>3.&nbsp;Datenschutzbeauftragter<\/strong><\/p>\n\n\n\n<p>Unseren Datenschutzbeauftragten erreichen Sie unter der E-Mail-Adresse&nbsp;<a href=\"mailto:datenschutz@chaine.de\">datenschutz@chaine.de<\/a><br>oder postalisch wie vorstehend (c\/o).<\/p>\n\n\n\n<p><strong>4.&nbsp;Zwecke und Rechtsgrundlagen der Verarbeitung<\/strong><\/p>\n\n\n\n<p>F\u00fcr die interne Mitgliederdatenverwaltung ist allein der&nbsp;Cha\u00eene des R\u00f4tisseurs e.V. verantwortlich.&nbsp;Wir verarbeiten die von unseren Mitgliedern zur Verf\u00fcgung gestellten personenbezogenen Daten wie<br><br>Name, Geburtsdatum, Anschrift(en), E-Mail-Adresse(n), Telefonnummer(n), Kontodaten, Fotos (Portraits und Veranstaltungsbilder)<\/p>\n\n\n\n<p>zun\u00e4chst zum Zweck der Bearbeitung eines Antrags auf Aufnahme sowie zur weiteren Durchf\u00fchrung und gegebenenfalls Beendigung der Mitgliedschaft bei der Cha\u00eene&nbsp;des R\u00f4tisseurssoweit dies erforderlich ist (Art. 6 Abs. 1 lit. b DSGVO).<\/p>\n\n\n\n<p>Es ist Vereinszweck und Selbstverst\u00e4ndnis der&nbsp;Cha\u00eene des R\u00f4tisseurs<strong>,<\/strong>dass die Mitgliedschaft im Verein gemeinschaftlich und offen praktiziert wird. Dazu geh\u00f6rt es, dass die Mitglieder wechselseitig in Kontakt treten k\u00f6nnen und aus diesen Gr\u00fcnden auch namentlich auf unserer Website oder in unserem Mitgliederjournal \u00f6ffentlich gemacht werden. Dies geschieht auf Grundlage der berechtigten Interessen des Vereins (Art. 6 Abs. 1 lit. f DSGVO) f\u00fcr die Dauer der Mitgliedschaft, bis nicht ein Widerspruch seitens des Betroffenen erfolgt (Art. 21 DSGVO).<\/p>\n\n\n\n<p>Ferner k\u00f6nnen gegebenenfalls auch Bilder unserer Mitglieder auf der Website des Vereins, auf Websites der verantwortlichen Veranstalter von vereinsbezogenen Veranstaltungen oder in unserem Printjournal ver\u00f6ffentlicht werden. Es gelten hierf\u00fcr nach herrschender juristischer Lehre nach wie vor die Regelungen der \u00a7\u00a7 22 und 23 des Kunsturhebergesetzes (KUG) hinsichtlich eines etwaigen Einwilligungserfordernisses. Soweit Mitglieder aktiv (Portrait)-Bilder zur Verf\u00fcgung stellen, geht der Verein davon aus, dass darin eine schl\u00fcssige Einwilligung des Betroffenen vorliegt, die Bilder zu den vorgenannten Zwecken nutzen und insbesondere im Rahmen der Vereinst\u00e4tigkeiten ver\u00f6ffentlichen zu d\u00fcrfen, bis die schl\u00fcssige Einwilligung nicht widerrufen wird. Soweit Fotos auf Veranstaltungen gemacht werden, die erkennbar einzelne Mitglieder des Vereins abbilden (\u201eBildnisse\u201c \u2013 in Abgrenzung zu Panoramaaufnahmen der Veranstaltungsszenerie selbst), sollen Mitglieder die vereinszugeh\u00f6rigen oder vom Verein oder dem Veranstalter beauftragten Fotografen ansprechen, soweit eine Ablichtung und\/oder eine Nutzung oder Ver\u00f6ffentlichung der Bildnisse nicht gew\u00fcnscht wird. Davon unber\u00fchrt haben Betroffene jederzeit das Recht, auch nachtr\u00e4glich der Nutzung von Bildnissen zu widersprechen oder Einwilligungen zu widerrufen. Au\u00dfer auf eine Einwilligung nach \u00a7\u00a7 22, 23 KUG st\u00fctzt der Verein die Nutzung von Bildern grunds\u00e4tzlich auf sein berechtigtes Interesse (Art. 6 Abs. 1 lit. f DSGVO), dem seitens des Betroffenen widersprochen werden kann (Art.21 DSGV).<\/p>\n\n\n\n<p>Die&nbsp;Cha\u00eene des R\u00f4tisseurs hat neben nicht-professionellen Mitgliedern auch zahlreiche professionelle Mitglieder aus der Gastronomiebranche sowie Sponsoren oder Partnern, welche Waren herstellen oder verkaufen beziehungsweise Dienstleistungen erbringen oder vermitteln, die entweder unmittelbaren Bezug zu den Interessen und F\u00f6rderzwecken des Vereins aufweisen oder grunds\u00e4tzlich, privat oder gesch\u00e4ftlich, im Interesse unserer Mitglieder stehen. Der Cha\u00eene des R\u00f4tisseurs versteht sich auch als Netzwerk f\u00fcr solche Gewerbetreibenden, die Angebote im Sinne des Vereinszwecks oder im mutma\u00dflichen Interesse unserer Mitglieder bewerben d\u00fcrfen. Die werblcihe Ansprache erfolgt grunds\u00e4tzlich indirekt \u00fcber die Website oder das Journal, im Einzelfall kann eine werbliche Ansprache aber auch im Wege der Direktwerbung per E-Mail oder postalisch an unsere Mitglieder erfolgen. Dies geschieht ebenfalls auf Grundlage der berechtigten Interessen des Vereins (Art. 6 Abs. 1 lit. f DSGVO) f\u00fcr die Dauer der Mitgliedschaft, bis nicht ein Widerspruch seitens des Betroffenen erfolgt (Art. 21 DSGVO).<\/p>\n\n\n\n<p>Eine \u00fcber die vorbenannten Zwecke hinausgehende Verarbeitung, insbesondere die \u00dcbermittlung Ihrer personenbezogenen Daten an sonstige Dritte, erfolgt nur, soweit wir dazu gesetzlich oder durch richterlichen Beschluss verpflichtet werden (Art. 6 Abs. 1 lit. c DSGVO) oder der Betroffene ausdr\u00fccklich in eine solche Weitergabe eingewilligt hat (Art. 6 Abs. 1 lit. a DSGVO).<br>&nbsp;<\/p>\n\n\n\n<p><strong>5. Empf\u00e4nger Ihrer Daten&nbsp;<\/strong><\/p>\n\n\n\n<p>Empf\u00e4nger der Mitgliederdaten sind aktive und passive Mitglieder, der Vorstand sowie arbeitsrechtlich Besch\u00e4ftigte des Vereins, welche nach einem abgestuften Berechtigungskonzept die betroffenen Daten zu den oben genannten Zwecken erforderlichenfalls verarbeiten m\u00fcssen. Gelegentlich kann es auch zum begr\u00fcndeten Datenaustausch mit dem Dachverein in Frankreich kommen. Verantwortliche der jeweiligen Bailliagen haben nur Zugriff auf der eigenen Bailliage zuzuordnenden Mitgliederstammdaten.<\/p>\n\n\n\n<p>Daneben k\u00f6nnen gegebenenfalls sogenannte Auftragsverarbeiter nach Art. 28 DSGVO Ihre Daten im Zuge einer Dienstleisterfunktion erhalten, insbesondere im Rahmen der Erbringung von IT-Nebendienstleistungen.<\/p>\n\n\n\n<p>Ferner sind Empf\u00e4nger der Mitgliederdaten unter Ziffer 4 beschriebene Sponsoren und Partner.<\/p>\n\n\n\n<p>Eine Datenverarbeitung in einem sogenannten Drittstaat findet nicht statt.<br>&nbsp;<\/p>\n\n\n\n<p><strong>6. Dauer der Speicherung und L\u00f6schung der Daten&nbsp;<\/strong><\/p>\n\n\n\n<p>Mitgliederdaten werden nur solange gespeichert und sodann gel\u00f6scht, wie es f\u00fcr die vorgenannten Zwecke erforderlich ist beziehungsweise, soweit uns gesetzliche Regelungen zur Aufbewahrung verpflichten. Solche Regelung ergeben sich insbesondere aus dem Geldw\u00e4schegesetz, dem Handelsgesetzbuch und der Abgabenordnung.&nbsp;&nbsp;<br>&nbsp;<\/p>\n\n\n\n<p><strong>7. Profilbildung \/ Scoring<\/strong><\/p>\n\n\n\n<p>Ihre personenbezogenen Daten nicht f\u00fcr eine Profilbildung (Scoring) verarbeitet.<\/p>\n\n\n\n<p><strong>8. Folge der Nichtbereitstellung Ihrer personenbezogenen Daten<\/strong><\/p>\n\n\n\n<p>Mitglieder der&nbsp;Cha\u00eene des R\u00f4tisseurssind nicht verpflichtet, Ihre Daten zu den vorbezeichneten Zwecken zur Verf\u00fcgung zu stellen. Im Falle, dass von einer Zurverf\u00fcgungstellung abgesehen wird, k\u00f6nnen wir aber im Einzelfall nicht garantieren, dass das Angebot des Vereins in gleicher Weise wie unter Verwendung der Daten genutzt werden kann und Mitglieder gleicherma\u00dfen in die Vereinsaktivit\u00e4ten miteinbezogen werden k\u00f6nnen. Im Zweifelsfall kann das Mitgliedschaftsverh\u00e4ltnis g\u00e4nzlich ohne Verarbeitung personenbezogener Daten nicht durchgef\u00fchrt werden.&nbsp;<br>&nbsp;<\/p>\n\n\n\n<p><strong>9. Ihre Rechte<\/strong><\/p>\n\n\n\n<p>Mitgliedern stehen gem\u00e4\u00df Artt. 12 bis 23 DSGVO Rechte als Betroffene(r) zu:&nbsp;So das Recht auf Auskunft \u00fcber, Berichtigung oder L\u00f6schung Ihrer Daten, das Recht auf Einschr\u00e4nkung der Verarbeitung sowie das Recht auf Daten\u00fcbertragbarkeit zu.&nbsp;<\/p>\n\n\n\n<p>Diese Rechte k\u00f6nnen durch formlose Mitteilung per Textform unter vorstehenden Kontaktdaten des Vereins geltend gemacht werden.<\/p>\n\n\n\n<p>Ihnen steht ferner das Recht zu, sich bei der zust\u00e4ndigen Aufsichtsbeh\u00f6rde f\u00fcr den Datenschutz zu beschweren, wenn Sie der Ansicht sind, dass die Verarbeitung der Sie betreffenden personenbezogenen Daten rechtswidrig erfolgt. Die zust\u00e4ndige Aufsichtsbeh\u00f6rde f\u00fcr uns ist: Der Landesbeauftragte f\u00fcr den Datenschutz und die Informationsfreiheit Hessen, Postfach 3163, 65021 Wiesbaden, E-Mail: poststelle@datenschutz.hessen.de, Tel.: +49 (0) 61 11 40 80, Fax: +49 (0) 61 11 40 89 00.<\/p>\n","protected":false},"excerpt":{"rendered":"<p>DSGVO Haftung f\u00fcr Inhalte Als Diensteanbieter sind wir gem\u00e4\u00df \u00a7 7 Abs.1 TMG f\u00fcr eigene Inhalte auf diesen Seiten nach den allgemeinen Gesetzen verantwortlich. Nach \u00a7\u00a7 8 bis 10 TMG sind wir als Diensteanbieter jedoch nicht verpflichtet, \u00fcbermittelte oder gespeicherte fremde Informationen zu \u00fcberwachen oder nach Umst\u00e4nden zu forschen, die<\/p>\n","protected":false},"author":1,"featured_media":0,"parent":0,"menu_order":0,"comment_status":"closed","ping_status":"closed","template":"","meta":{"footnotes":""},"class_list":["post-46","page","type-page","status-publish","hentry"],"aioseo_notices":[],"jetpack_sharing_enabled":true,"_links":{"self":[{"href":"https:\/\/chaine-shop.de\/index.php?rest_route=\/wp\/v2\/pages\/46","targetHints":{"allow":["GET"]}}],"collection":[{"href":"https:\/\/chaine-shop.de\/index.php?rest_route=\/wp\/v2\/pages"}],"about":[{"href":"https:\/\/chaine-shop.de\/index.php?rest_route=\/wp\/v2\/types\/page"}],"author":[{"embeddable":true,"href":"https:\/\/chaine-shop.de\/index.php?rest_route=\/wp\/v2\/users\/1"}],"replies":[{"embeddable":true,"href":"https:\/\/chaine-shop.de\/index.php?rest_route=%2Fwp%2Fv2%2Fcomments&post=46"}],"version-history":[{"count":0,"href":"https:\/\/chaine-shop.de\/index.php?rest_route=\/wp\/v2\/pages\/46\/revisions"}],"wp:attachment":[{"href":"https:\/\/chaine-shop.de\/index.php?rest_route=%2Fwp%2Fv2%2Fmedia&parent=46"}],"curies":[{"name":"wp","href":"https:\/\/api.w.org\/{rel}","templated":true}]}}