{"id":496,"date":"2020-05-05T12:45:24","date_gmt":"2020-05-05T12:45:24","guid":{"rendered":"http:\/\/chaine-shop.de\/?post_type=product&#038;p=496"},"modified":"2024-01-11T13:21:03","modified_gmt":"2024-01-11T13:21:03","slug":"manschettenknoepfe","status":"publish","type":"product","link":"https:\/\/chaine-shop.de\/?product=manschettenknoepfe","title":{"rendered":"Manschettenkn\u00f6pfe"},"content":{"rendered":"<p><img data-recalc-dims=\"1\" loading=\"lazy\" decoding=\"async\" src=\"https:\/\/i0.wp.com\/chaine-shop.de\/wp-content\/uploads\/2020\/05\/manschetten_knoepfe.png?resize=750%2C606&#038;ssl=1\" alt=\"\" class=\"alignnone size-full wp-image-563\" width=\"750\" height=\"606\" srcset=\"https:\/\/i0.wp.com\/chaine-shop.de\/wp-content\/uploads\/2020\/05\/manschetten_knoepfe.png?w=886&amp;ssl=1 886w, https:\/\/i0.wp.com\/chaine-shop.de\/wp-content\/uploads\/2020\/05\/manschetten_knoepfe.png?resize=300%2C242&amp;ssl=1 300w, https:\/\/i0.wp.com\/chaine-shop.de\/wp-content\/uploads\/2020\/05\/manschetten_knoepfe.png?resize=768%2C621&amp;ssl=1 768w, https:\/\/i0.wp.com\/chaine-shop.de\/wp-content\/uploads\/2020\/05\/manschetten_knoepfe.png?resize=600%2C485&amp;ssl=1 600w\" sizes=\"auto, (max-width: 750px) 100vw, 750px\" \/><\/p>\n","protected":false},"excerpt":{"rendered":"<div class=\"content product--details\" itemscope=\"\" itemtype=\"http:\/\/schema.org\/Product\" data-product-navigation=\"\/widgets\/listing\/productNavigation\" data-category-id=\"38\" data-main-ordernumber=\"SW10170\" data-ajax-wishlist=\"true\" data-compare-ajax=\"true\" data-ajax-variants-container=\"true\">\n<h6 class=\"content--title\">Manschettenkn\u00f6pfe &#8222;Cha\u00eene des R\u00f4tisseurs&#8220;<\/h6>\n<p>hochwertige Manschettenkn\u00f6pfe in<\/p>\n<p>einer eleganten Geschenkbox<\/p>\n<\/div>\n","protected":false},"featured_media":563,"template":"","meta":[],"product_brand":[],"product_cat":[126,123,122],"product_tag":[127],"class_list":{"0":"post-496","1":"product","2":"type-product","3":"status-publish","4":"has-post-thumbnail","6":"product_cat-manschettenknoepfe","7":"product_cat-sturmschirm","8":"product_cat-textilien-accessoires","9":"product_tag-manschettenknoepfe","11":"first","12":"instock","13":"taxable","14":"shipping-taxable","15":"purchasable","16":"product-type-simple"},"aioseo_notices":[],"jetpack_sharing_enabled":true,"_links":{"self":[{"href":"https:\/\/chaine-shop.de\/index.php?rest_route=\/wp\/v2\/product\/496","targetHints":{"allow":["GET"]}}],"collection":[{"href":"https:\/\/chaine-shop.de\/index.php?rest_route=\/wp\/v2\/product"}],"about":[{"href":"https:\/\/chaine-shop.de\/index.php?rest_route=\/wp\/v2\/types\/product"}],"wp:featuredmedia":[{"embeddable":true,"href":"https:\/\/chaine-shop.de\/index.php?rest_route=\/wp\/v2\/media\/563"}],"wp:attachment":[{"href":"https:\/\/chaine-shop.de\/index.php?rest_route=%2Fwp%2Fv2%2Fmedia&parent=496"}],"wp:term":[{"taxonomy":"product_brand","embeddable":true,"href":"https:\/\/chaine-shop.de\/index.php?rest_route=%2Fwp%2Fv2%2Fproduct_brand&post=496"},{"taxonomy":"product_cat","embeddable":true,"href":"https:\/\/chaine-shop.de\/index.php?rest_route=%2Fwp%2Fv2%2Fproduct_cat&post=496"},{"taxonomy":"product_tag","embeddable":true,"href":"https:\/\/chaine-shop.de\/index.php?rest_route=%2Fwp%2Fv2%2Fproduct_tag&post=496"}],"curies":[{"name":"wp","href":"https:\/\/api.w.org\/{rel}","templated":true}]}}